{"id":3,"date":"2022-01-26T21:36:17","date_gmt":"2022-01-26T21:36:17","guid":{"rendered":"https:\/\/gssg.com.co\/es\/?page_id=3"},"modified":"2022-02-12T16:25:50","modified_gmt":"2022-02-12T16:25:50","slug":"privacy-policy","status":"publish","type":"page","link":"https:\/\/gssg.com.co\/es\/privacy-policy\/","title":{"rendered":"Privacy Policy"},"content":{"rendered":"\t\t<div data-elementor-type=\"wp-page\" data-elementor-id=\"3\" class=\"elementor elementor-3\">\n\t\t\t\t\t\t<section class=\"elementor-section elementor-top-section elementor-element elementor-element-1f3f2fac elementor-section-boxed elementor-section-height-default elementor-section-height-default\" data-id=\"1f3f2fac\" data-element_type=\"section\">\n\t\t\t\t\t\t<div class=\"elementor-container elementor-column-gap-default\">\n\t\t\t\t\t<div class=\"elementor-column elementor-col-100 elementor-top-column elementor-element elementor-element-66517873\" data-id=\"66517873\" data-element_type=\"column\">\n\t\t\t<div class=\"elementor-widget-wrap elementor-element-populated\">\n\t\t\t\t\t\t<div class=\"elementor-element elementor-element-5b8cdeef elementor-widget elementor-widget-text-editor\" data-id=\"5b8cdeef\" data-element_type=\"widget\" data-widget_type=\"text-editor.default\">\n\t\t\t\t<div class=\"elementor-widget-container\">\n\t\t\t\t\t\t\t<p><!-- wp:heading --><\/p>\n<h2 id=\"informacion-general\">\u00a0<\/h2>\n<h2 id=\"informacion-general\">Pol\u00edtica de Privacidad\u00a0<\/h2>\n<div>\u00a0<\/div>\n<p><!-- \/wp:heading --><\/p>\n<p><!-- wp:heading {\"level\":6} --><\/p>\n<h6 id=\"bienvenido-a-nuestra-politica-de-gestion-de-datos-de-acuerdo-con-la-ley-de-datos-n-1581-de-2012-y-de-acuerdo-con-la-constitucion-de-colombia-gssg-cuenta-con-una-base-de-datos-privada-de-clientes-que-se-almacena-en-su-sistema-crm-y-cumple-con-los-requisitos-de-la-ley-esta-base-de-datos-incluye-informacion-de-entidades-privadas-o-juridicas-que-i-tienen-algun-interes-en-los-productos-o-servicios-de-gssg-ii-tienen-relaciones-comerciales-con-gssg-derecho-a-acceder-corregir-y-eliminar-datos-y-oponerse-al-procesamiento-de-datos-nuestros-clientes-tienen-derecho-a-acceder-rectificar-o-suprimir-los-datos-relacionados-con-ellos-nuestros-clientes-tienen-derecho-a-oponerse-al-procesamiento-de-datos-escribiendo-al-correo-electronico-info-gssg-com-co-o-enviando-un-mensaje-a-la-plantilla-contactenos-la-compania-hace-todo-lo-posible-para-implementar-las-precauciones-adecuadas-para-salvaguardar-la-seguridad-y-privacidad-de-los-datos-personales-y-para-evitar-que-sean-alterados-corrompidos-destruidos-o-accedidos-por-terceros-no-autorizados-sin-embargo-gssg-no-controla-todos-y-cada-uno-de-los-riesgos-relacionados-con-el-uso-de-internet-y-por-lo-tanto-advierte-a-los-usuarios-del-sitio-de-los-riesgos-potenciales-involucrados-en-el-funcionamiento-y-uso-de-internet-el-sitio-puede-incluir-enlaces-a-otros-sitios-web-u-otras-fuentes-de-internet-como-gssg-no-puede-controlar-estos-sitios-web-y-fuentes-externas-gssg-no-se-hace-responsable-de-la-provision-o-visualizacion-de-estos-sitios-web-y-fuentes-externas-y-no-puede-ser-considerado-responsable-por-el-contenido-publicidad-productos-servicios-o-cualquier-otro-material-disponible-en-o-de-estos-sitios-web-o-fuentes-externas-manejo-de-datos-personalespuede-optar-por-recibir-informacion-promocional-de-gssg-a-traves-de-correo-electronico-sms-correo-directo-telefono-u-otros-canales-de-medios-si-recibe-informacion-promocional-es-porque-usted-u-otra-persona-de-su-empresa-la-ha-aprobado-pero-puede-decidir-no-recibir-informacion-por-escribiendo-al-correo-electronico-info-gssg-com-co-o-enviando-un-mensaje-al-formulario-de-plantilla-contactenos-en-otras-circunstancias-puede-darse-de-baja-de-la-base-de-datos-a-traves-del-enlace-en-los-e-mails-que-reciba-como-usamos-su-informacionel-uso-de-los-datos-y-la-informacion-enviados-a-gssg-es-de-naturaleza-confidencial-y-responsable-su-informacion-no-se-proporciona-a-terceros-ni-autorizados-su-informacion-se-utiliza-para-comprender-sus-requisitos-para-entregarle-ocasionalmente-ofertas-promocionales-o-servicios-de-gssg-para-invitarlo-a-eventos-que-puedan-ser-de-su-interes-o-si-ha-comprado-un-producto-o-servicio-a-gssg-la-informacion-sera-utilizada-para-cuestiones-administrativas-contables-o-fiscales-si-ha-adquirido-un-producto-o-servicio-de-gssg-es-posible-que-ambas-partes-firmen-un-documento-de-acuerdo-de-confidencialidad-con-un-alcance-diferente-al-de-la-politica-de-privacidad-aqui-establecida-como-compartimos-su-informacioncompartimos-sus-datos-personales-con-su-consentimiento-o-segun-sea-necesario-para-completar-cualquier-transaccion-comercial-o-proporcionar-cualquier-servicio-que-haya-solicitado-o-autorizado-por-ejemplo-compartimos-su-contenido-con-terceros-cuando-nos-indica-que-lo-hagamos-cuando-proporcione-datos-de-pago-para-realizar-una-compra-compartiremos-los-datos-de-pago-con-bancos-y-otras-entidades-que-procesan-transacciones-de-pago-o-brindan-otros-servicios-financieros-y-para-la-prevencion-del-fraude-y-la-reduccion-del-riesgo-crediticio-ademas-compartimos-datos-personales-entre-nuestras-filiales-y-subsidiarias-controladas-tambien-compartimos-datos-personales-con-proveedores-o-agentes-que-trabajan-en-nuestro-nombre-para-los-fines-descritos-en-esta-declaracion-por-ejemplo-las-empresas-que-hemos-contratado-para-brindar-soporte-de-servicio-al-cliente-o-ayudar-a-proteger-y-asegurar-nuestros-sistemas-y-servicios-pueden-necesitar-acceso-a-datos-personales-para-poder-brindar-esas-funciones-en-tales-casos-estas-empresas-deben-cumplir-con-nuestros-requisitos-de-seguridad-y-privacidad-de-datos-y-no-se-les-permite-utilizar-los-datos-personales-que-reciben-de-nosotros-para-ningun-otro-proposito-tambien-podemos-divulgar-datos-personales-como-parte-de-una-transaccion-corporativa-como-una-fusion-o-venta-de-activos\">Bienvenido a nuestra pol\u00edtica de gesti\u00f3n de datos. De acuerdo con la ley de datos N \u00b0 1581 de 2012 y de acuerdo con la constituci\u00f3n de Colombia, GSSG cuenta con una Base de Datos privada de clientes que se almacena en su sistema CRM y cumple con los requisitos de la ley. Esta Base de Datos incluye informaci\u00f3n de entidades privadas o jur\u00eddicas que i) tienen alg\u00fan inter\u00e9s en los productos o servicios de GSSG ii) tienen relaciones comerciales con GSSG.<br \/><br \/>Derecho a acceder, corregir y eliminar datos y oponerse al procesamiento de datos Nuestros CLIENTES tienen derecho a acceder, rectificar o suprimir los datos relacionados con ellos. Nuestros clientes tienen derecho a oponerse al procesamiento de datos escribiendo al correo electr\u00f3nico info@gssg.com.co o enviando un mensaje a la plantilla CONT\u00c1CTENOS. La Compa\u00f1\u00eda hace todo lo posible para implementar las precauciones adecuadas para salvaguardar la seguridad y privacidad de los datos personales, y para evitar que sean alterados, corrompidos, destruidos o accedidos por terceros no autorizados. Sin embargo, GSSG no controla todos y cada uno de los riesgos relacionados con el uso de Internet y, por lo tanto, advierte a los usuarios del Sitio de los riesgos potenciales involucrados en el funcionamiento y uso de Internet. El Sitio puede incluir enlaces a otros sitios web u otras fuentes de Internet. Como GSSG no puede controlar estos sitios web y fuentes externas, GSSG no se hace responsable de la provisi\u00f3n o visualizaci\u00f3n de estos sitios web y fuentes externas, y no puede ser considerado responsable por el contenido, publicidad, productos, servicios o cualquier otro material disponible en o de estos sitios web o fuentes externas.<br \/><br \/>Manejo de datos personales<br \/><br \/>Puede optar por recibir informaci\u00f3n promocional de GSSG a trav\u00e9s de correo electr\u00f3nico, SMS, correo directo, tel\u00e9fono u otros canales de medios. Si recibe informaci\u00f3n promocional es porque usted u otra persona de su empresa la ha aprobado, pero puede decidir no recibir informaci\u00f3n por escribiendo al correo electr\u00f3nico info@gssg.com.co o enviando un mensaje al formulario de plantilla CONT\u00c1CTENOS. En otras circunstancias puede darse de baja de la base de datos a trav\u00e9s del enlace en los e_mails que reciba.<br \/>C\u00f3mo usamos su informaci\u00f3n<br \/><br \/>El uso de los datos y la informaci\u00f3n enviados a GSSG es de naturaleza confidencial y responsable. Su informaci\u00f3n no se proporciona a terceros ni autorizados. Su informaci\u00f3n se utiliza para comprender sus requisitos, para entregarle ocasionalmente ofertas promocionales o servicios de GSSG, para invitarlo a eventos que puedan ser de su inter\u00e9s; o si ha comprado un producto o servicio a GSSG, la informaci\u00f3n ser\u00e1 utilizada para cuestiones administrativas, contables o fiscales. Si ha adquirido un producto o servicio de GSSG es posible que ambas partes firmen un documento de acuerdo de confidencialidad con un alcance diferente al de la pol\u00edtica de privacidad aqu\u00ed establecida.<br \/><br \/>C\u00f3mo compartimos su informaci\u00f3n<br \/><br \/>Compartimos sus datos personales con su consentimiento o seg\u00fan sea necesario para completar cualquier transacci\u00f3n comercial o proporcionar cualquier servicio que haya solicitado o autorizado. Por ejemplo, compartimos su contenido con terceros cuando nos indica que lo hagamos. Cuando proporcione datos de pago para realizar una compra, compartiremos los datos de pago con bancos y otras entidades que procesan transacciones de pago o brindan otros servicios financieros, y para la prevenci\u00f3n del fraude y la reducci\u00f3n del riesgo crediticio. Adem\u00e1s, compartimos datos personales entre nuestras filiales y subsidiarias controladas. Tambi\u00e9n compartimos datos personales con proveedores o agentes que trabajan en nuestro nombre para los fines descritos en esta declaraci\u00f3n. Por ejemplo, las empresas que hemos contratado para brindar soporte de servicio al cliente o ayudar a proteger y asegurar nuestros sistemas y servicios pueden necesitar acceso a datos personales para poder brindar esas funciones. En tales casos, estas empresas deben cumplir con nuestros requisitos de seguridad y privacidad de datos y no se les permite utilizar los datos personales que reciben de nosotros para ning\u00fan otro prop\u00f3sito. Tambi\u00e9n podemos divulgar datos personales como parte de una transacci\u00f3n corporativa, como una fusi\u00f3n o venta de activos.<\/h6>\n<p><!-- \/wp:heading --><\/p>\t\t\t\t\t\t<\/div>\n\t\t\t\t<\/div>\n\t\t\t\t\t<\/div>\n\t\t<\/div>\n\t\t\t\t\t<\/div>\n\t\t<\/section>\n\t\t\t\t<\/div>\n\t\t","protected":false},"excerpt":{"rendered":"<p>\u00a0 Pol\u00edtica de Privacidad\u00a0 \u00a0 Bienvenido a nuestra pol\u00edtica de gesti\u00f3n de datos. De acuerdo con la ley de datos N \u00b0 1581 de 2012 y de acuerdo con la constituci\u00f3n de Colombia, GSSG cuenta con una Base de Datos privada de clientes que se almacena en su sistema CRM y cumple con los requisitos &hellip;<\/p>\n<p class=\"read-more\"> <a class=\"\" href=\"https:\/\/gssg.com.co\/es\/privacy-policy\/\"> <span class=\"screen-reader-text\">Privacy Policy<\/span> Read More &raquo;<\/a><\/p>\n","protected":false},"author":1,"featured_media":0,"parent":0,"menu_order":0,"comment_status":"closed","ping_status":"open","template":"elementor_header_footer","meta":{"site-sidebar-layout":"default","site-content-layout":"default","ast-main-header-display":"","ast-hfb-above-header-display":"","ast-hfb-below-header-display":"","ast-hfb-mobile-header-display":"","site-post-title":"","ast-breadcrumbs-content":"","ast-featured-img":"","footer-sml-layout":"","theme-transparent-header-meta":"","adv-header-id-meta":"","stick-header-meta":"","header-above-stick-meta":"","header-main-stick-meta":"","header-below-stick-meta":"","footnotes":""},"class_list":["post-3","page","type-page","status-publish","hentry"],"yoast_head":"<!-- This site is optimized with the Yoast SEO plugin v27.0 - https:\/\/yoast.com\/product\/yoast-seo-wordpress\/ -->\n<title>Privacy Policy - Insightdiscovery<\/title>\n<meta name=\"robots\" content=\"index, follow, max-snippet:-1, max-image-preview:large, max-video-preview:-1\" \/>\n<link rel=\"canonical\" href=\"https:\/\/gssg.com.co\/es\/privacy-policy\/\" \/>\n<meta property=\"og:locale\" content=\"en_US\" \/>\n<meta property=\"og:type\" content=\"article\" \/>\n<meta property=\"og:title\" content=\"Privacy Policy - Insightdiscovery\" \/>\n<meta property=\"og:description\" content=\"\u00a0 Pol\u00edtica de Privacidad\u00a0 \u00a0 Bienvenido a nuestra pol\u00edtica de gesti\u00f3n de datos. De acuerdo con la ley de datos N \u00b0 1581 de 2012 y de acuerdo con la constituci\u00f3n de Colombia, GSSG cuenta con una Base de Datos privada de clientes que se almacena en su sistema CRM y cumple con los requisitos &hellip; Privacy Policy Read More &raquo;\" \/>\n<meta property=\"og:url\" content=\"https:\/\/gssg.com.co\/es\/privacy-policy\/\" \/>\n<meta property=\"og:site_name\" content=\"Insightdiscovery\" \/>\n<meta property=\"article:modified_time\" content=\"2022-02-12T16:25:50+00:00\" \/>\n<meta name=\"twitter:card\" content=\"summary_large_image\" \/>\n<meta name=\"twitter:label1\" content=\"Est. reading time\" \/>\n\t<meta name=\"twitter:data1\" content=\"4 minutes\" \/>\n<script type=\"application\/ld+json\" class=\"yoast-schema-graph\">{\"@context\":\"https:\/\/schema.org\",\"@graph\":[{\"@type\":\"WebPage\",\"@id\":\"https:\/\/gssg.com.co\/es\/privacy-policy\/\",\"url\":\"https:\/\/gssg.com.co\/es\/privacy-policy\/\",\"name\":\"Privacy Policy - Insightdiscovery\",\"isPartOf\":{\"@id\":\"https:\/\/gssg.com.co\/es\/#website\"},\"datePublished\":\"2022-01-26T21:36:17+00:00\",\"dateModified\":\"2022-02-12T16:25:50+00:00\",\"breadcrumb\":{\"@id\":\"https:\/\/gssg.com.co\/es\/privacy-policy\/#breadcrumb\"},\"inLanguage\":\"en-US\",\"potentialAction\":[{\"@type\":\"ReadAction\",\"target\":[\"https:\/\/gssg.com.co\/es\/privacy-policy\/\"]}]},{\"@type\":\"BreadcrumbList\",\"@id\":\"https:\/\/gssg.com.co\/es\/privacy-policy\/#breadcrumb\",\"itemListElement\":[{\"@type\":\"ListItem\",\"position\":1,\"name\":\"Home\",\"item\":\"https:\/\/gssg.com.co\/es\/\"},{\"@type\":\"ListItem\",\"position\":2,\"name\":\"Privacy Policy\"}]},{\"@type\":\"WebSite\",\"@id\":\"https:\/\/gssg.com.co\/es\/#website\",\"url\":\"https:\/\/gssg.com.co\/es\/\",\"name\":\"Insightdiscovery\",\"description\":\"Data analytics\",\"publisher\":{\"@id\":\"https:\/\/gssg.com.co\/es\/#organization\"},\"potentialAction\":[{\"@type\":\"SearchAction\",\"target\":{\"@type\":\"EntryPoint\",\"urlTemplate\":\"https:\/\/gssg.com.co\/es\/?s={search_term_string}\"},\"query-input\":{\"@type\":\"PropertyValueSpecification\",\"valueRequired\":true,\"valueName\":\"search_term_string\"}}],\"inLanguage\":\"en-US\"},{\"@type\":\"Organization\",\"@id\":\"https:\/\/gssg.com.co\/es\/#organization\",\"name\":\"Global Software Solutions Group\",\"url\":\"https:\/\/gssg.com.co\/es\/\",\"logo\":{\"@type\":\"ImageObject\",\"inLanguage\":\"en-US\",\"@id\":\"https:\/\/gssg.com.co\/es\/#\/schema\/logo\/image\/\",\"url\":\"https:\/\/gssg.com.co\/es\/wp-content\/uploads\/2022\/02\/cropped-logo-horizontal-2022.png\",\"contentUrl\":\"https:\/\/gssg.com.co\/es\/wp-content\/uploads\/2022\/02\/cropped-logo-horizontal-2022.png\",\"width\":592,\"height\":108,\"caption\":\"Global Software Solutions Group\"},\"image\":{\"@id\":\"https:\/\/gssg.com.co\/es\/#\/schema\/logo\/image\/\"},\"sameAs\":[\"https:\/\/www.youtube.com\/@GSSG.insightdiscovery\",\"https:\/\/www.linkedin.com\/company\/global-software-solutions-group\/\"]}]}<\/script>\n<!-- \/ Yoast SEO plugin. -->","yoast_head_json":{"title":"Privacy Policy - Insightdiscovery","robots":{"index":"index","follow":"follow","max-snippet":"max-snippet:-1","max-image-preview":"max-image-preview:large","max-video-preview":"max-video-preview:-1"},"canonical":"https:\/\/gssg.com.co\/es\/privacy-policy\/","og_locale":"en_US","og_type":"article","og_title":"Privacy Policy - Insightdiscovery","og_description":"\u00a0 Pol\u00edtica de Privacidad\u00a0 \u00a0 Bienvenido a nuestra pol\u00edtica de gesti\u00f3n de datos. De acuerdo con la ley de datos N \u00b0 1581 de 2012 y de acuerdo con la constituci\u00f3n de Colombia, GSSG cuenta con una Base de Datos privada de clientes que se almacena en su sistema CRM y cumple con los requisitos &hellip; Privacy Policy Read More &raquo;","og_url":"https:\/\/gssg.com.co\/es\/privacy-policy\/","og_site_name":"Insightdiscovery","article_modified_time":"2022-02-12T16:25:50+00:00","twitter_card":"summary_large_image","twitter_misc":{"Est. reading time":"4 minutes"},"schema":{"@context":"https:\/\/schema.org","@graph":[{"@type":"WebPage","@id":"https:\/\/gssg.com.co\/es\/privacy-policy\/","url":"https:\/\/gssg.com.co\/es\/privacy-policy\/","name":"Privacy Policy - Insightdiscovery","isPartOf":{"@id":"https:\/\/gssg.com.co\/es\/#website"},"datePublished":"2022-01-26T21:36:17+00:00","dateModified":"2022-02-12T16:25:50+00:00","breadcrumb":{"@id":"https:\/\/gssg.com.co\/es\/privacy-policy\/#breadcrumb"},"inLanguage":"en-US","potentialAction":[{"@type":"ReadAction","target":["https:\/\/gssg.com.co\/es\/privacy-policy\/"]}]},{"@type":"BreadcrumbList","@id":"https:\/\/gssg.com.co\/es\/privacy-policy\/#breadcrumb","itemListElement":[{"@type":"ListItem","position":1,"name":"Home","item":"https:\/\/gssg.com.co\/es\/"},{"@type":"ListItem","position":2,"name":"Privacy Policy"}]},{"@type":"WebSite","@id":"https:\/\/gssg.com.co\/es\/#website","url":"https:\/\/gssg.com.co\/es\/","name":"Insightdiscovery","description":"Data analytics","publisher":{"@id":"https:\/\/gssg.com.co\/es\/#organization"},"potentialAction":[{"@type":"SearchAction","target":{"@type":"EntryPoint","urlTemplate":"https:\/\/gssg.com.co\/es\/?s={search_term_string}"},"query-input":{"@type":"PropertyValueSpecification","valueRequired":true,"valueName":"search_term_string"}}],"inLanguage":"en-US"},{"@type":"Organization","@id":"https:\/\/gssg.com.co\/es\/#organization","name":"Global Software Solutions Group","url":"https:\/\/gssg.com.co\/es\/","logo":{"@type":"ImageObject","inLanguage":"en-US","@id":"https:\/\/gssg.com.co\/es\/#\/schema\/logo\/image\/","url":"https:\/\/gssg.com.co\/es\/wp-content\/uploads\/2022\/02\/cropped-logo-horizontal-2022.png","contentUrl":"https:\/\/gssg.com.co\/es\/wp-content\/uploads\/2022\/02\/cropped-logo-horizontal-2022.png","width":592,"height":108,"caption":"Global Software Solutions Group"},"image":{"@id":"https:\/\/gssg.com.co\/es\/#\/schema\/logo\/image\/"},"sameAs":["https:\/\/www.youtube.com\/@GSSG.insightdiscovery","https:\/\/www.linkedin.com\/company\/global-software-solutions-group\/"]}]}},"_links":{"self":[{"href":"https:\/\/gssg.com.co\/es\/wp-json\/wp\/v2\/pages\/3","targetHints":{"allow":["GET"]}}],"collection":[{"href":"https:\/\/gssg.com.co\/es\/wp-json\/wp\/v2\/pages"}],"about":[{"href":"https:\/\/gssg.com.co\/es\/wp-json\/wp\/v2\/types\/page"}],"author":[{"embeddable":true,"href":"https:\/\/gssg.com.co\/es\/wp-json\/wp\/v2\/users\/1"}],"replies":[{"embeddable":true,"href":"https:\/\/gssg.com.co\/es\/wp-json\/wp\/v2\/comments?post=3"}],"version-history":[{"count":10,"href":"https:\/\/gssg.com.co\/es\/wp-json\/wp\/v2\/pages\/3\/revisions"}],"predecessor-version":[{"id":3110,"href":"https:\/\/gssg.com.co\/es\/wp-json\/wp\/v2\/pages\/3\/revisions\/3110"}],"wp:attachment":[{"href":"https:\/\/gssg.com.co\/es\/wp-json\/wp\/v2\/media?parent=3"}],"curies":[{"name":"wp","href":"https:\/\/api.w.org\/{rel}","templated":true}]}}